{"id":58462,"date":"2023-08-02T15:46:24","date_gmt":"2023-08-02T15:46:24","guid":{"rendered":"https:\/\/immoveo.com\/?page_id=58462"},"modified":"2024-04-04T13:40:32","modified_gmt":"2024-04-04T13:40:32","slug":"agenzie-immobiliari-affiliate","status":"publish","type":"page","link":"https:\/\/immoveo.com\/it\/agenzie-immobiliari-affiliate\/","title":{"rendered":"Agenzie immobiliari affiliate"},"content":{"rendered":"<p>[et_pb_section fb_built=&#8221;1&#8243; admin_label=&#8221;Section&#8221; _builder_version=&#8221;4.21.0&#8243; _module_preset=&#8221;default&#8221; background_image=&#8221;https:\/\/immoveo.com\/wp-content\/uploads\/2023\/09\/Immoveo_progetto_imprese_qualificate.jpg&#8221; da_disable_devices=&#8221;off|off|off&#8221; global_colors_info=&#8221;{}&#8221; da_is_popup=&#8221;off&#8221; da_exit_intent=&#8221;off&#8221; da_has_close=&#8221;on&#8221; da_alt_close=&#8221;off&#8221; da_dark_close=&#8221;off&#8221; da_not_modal=&#8221;on&#8221; da_is_singular=&#8221;off&#8221; da_with_loader=&#8221;off&#8221; da_has_shadow=&#8221;on&#8221;][et_pb_row _builder_version=&#8221;4.21.0&#8243; _module_preset=&#8221;default&#8221; global_colors_info=&#8221;{}&#8221;][et_pb_column type=&#8221;4_4&#8243; _builder_version=&#8221;4.21.0&#8243; _module_preset=&#8221;default&#8221; global_colors_info=&#8221;{}&#8221;][et_pb_text _builder_version=&#8221;4.21.0&#8243; _module_preset=&#8221;default&#8221; header_text_align=&#8221;center&#8221; header_text_color=&#8221;#FFFFFF&#8221; global_colors_info=&#8221;{}&#8221;]<\/p>\n<h1>Agenzie immobiliari affiliate<\/h1>\n<p>[\/et_pb_text][et_pb_text _builder_version=&#8221;4.21.0&#8243; _module_preset=&#8221;default&#8221; header_text_align=&#8221;center&#8221; header_text_color=&#8221;#FFFFFF&#8221; header_3_text_align=&#8221;center&#8221; header_3_text_color=&#8221;#FFFFFF&#8221; global_colors_info=&#8221;{}&#8221;]<\/p>\n<h3>Benvenuto nella rete Immoveo<\/h3>\n<p>[\/et_pb_text][\/et_pb_column][\/et_pb_row][\/et_pb_section][et_pb_section fb_built=&#8221;1&#8243; admin_label=&#8221;Section&#8221; _builder_version=&#8221;4.21.0&#8243; _module_preset=&#8221;default&#8221; da_disable_devices=&#8221;off|off|off&#8221; global_colors_info=&#8221;{}&#8221; da_is_popup=&#8221;off&#8221; da_exit_intent=&#8221;off&#8221; da_has_close=&#8221;on&#8221; da_alt_close=&#8221;off&#8221; da_dark_close=&#8221;off&#8221; da_not_modal=&#8221;on&#8221; da_is_singular=&#8221;off&#8221; da_with_loader=&#8221;off&#8221; da_has_shadow=&#8221;on&#8221;][et_pb_row column_structure=&#8221;1_2,1_2&#8243; _builder_version=&#8221;4.21.0&#8243; _module_preset=&#8221;default&#8221; global_colors_info=&#8221;{}&#8221;][et_pb_column type=&#8221;1_2&#8243; _builder_version=&#8221;4.21.0&#8243; _module_preset=&#8221;default&#8221; global_colors_info=&#8221;{}&#8221;][et_pb_text _builder_version=&#8221;4.21.0&#8243; _module_preset=&#8221;default&#8221; global_colors_info=&#8221;{}&#8221;]<\/p>\n<p>Sei una Agenzia Immobiliare che si contraddistingue per qualit\u00e0 del servizio offerto, dinamicit\u00e0 delle operazioni, predisposizione all\u2019innovazione tecnologica? Entra nella rete Immoveo ed immediatamente scoprirai tutti i vantaggi a te riservati.<\/p>\n<p>[\/et_pb_text][et_pb_text _builder_version=&#8221;4.24.1&#8243; _module_preset=&#8221;default&#8221; text_font=&#8221;||||||||&#8221; min_height=&#8221;77px&#8221; custom_margin=&#8221;||-49px|||&#8221; custom_padding=&#8221;0px|||||&#8221; link_option_url=&#8221;#scaricamodulo&#8221; global_colors_info=&#8221;{}&#8221;]<\/p>\n<h4><span style=\"color: #005ba0;\">ENTRA NELLA RETE IMMOVEO!<\/span><\/h4>\n<p>[\/et_pb_text][\/et_pb_column][et_pb_column type=&#8221;1_2&#8243; _builder_version=&#8221;4.21.0&#8243; _module_preset=&#8221;default&#8221; global_colors_info=&#8221;{}&#8221;][et_pb_image src=&#8221;https:\/\/immoveo.com\/wp-content\/uploads\/2023\/09\/Immoveo_agenzie_affiliate.jpg&#8221; title_text=&#8221;Immoveo_agenzie_affiliate&#8221; align=&#8221;right&#8221; _builder_version=&#8221;4.21.0&#8243; _module_preset=&#8221;default&#8221; width=&#8221;85%&#8221; border_radii=&#8221;on|10px|10px|10px|10px&#8221; global_colors_info=&#8221;{}&#8221;][\/et_pb_image][\/et_pb_column][\/et_pb_row][\/et_pb_section][et_pb_section fb_built=&#8221;1&#8243; admin_label=&#8221;Section&#8221; _builder_version=&#8221;4.21.0&#8243; _module_preset=&#8221;default&#8221; da_disable_devices=&#8221;off|off|off&#8221; global_colors_info=&#8221;{}&#8221; da_is_popup=&#8221;off&#8221; da_exit_intent=&#8221;off&#8221; da_has_close=&#8221;on&#8221; da_alt_close=&#8221;off&#8221; da_dark_close=&#8221;off&#8221; da_not_modal=&#8221;on&#8221; da_is_singular=&#8221;off&#8221; da_with_loader=&#8221;off&#8221; da_has_shadow=&#8221;on&#8221;][et_pb_row column_structure=&#8221;2_5,3_5&#8243; _builder_version=&#8221;4.21.0&#8243; _module_preset=&#8221;default&#8221; global_colors_info=&#8221;{}&#8221;][et_pb_column type=&#8221;2_5&#8243; _builder_version=&#8221;4.21.0&#8243; _module_preset=&#8221;default&#8221; global_colors_info=&#8221;{}&#8221;][et_pb_image src=&#8221;https:\/\/immoveo.com\/wp-content\/uploads\/2023\/09\/Immoveo_stretta_di_mano_vendi.jpg&#8221; title_text=&#8221;Immoveo_stretta_di_mano_vendi&#8221; _builder_version=&#8221;4.21.0&#8243; _module_preset=&#8221;default&#8221; border_radii=&#8221;on|10px|10px|10px|10px&#8221; global_colors_info=&#8221;{}&#8221;][\/et_pb_image][\/et_pb_column][et_pb_column type=&#8221;3_5&#8243; _builder_version=&#8221;4.21.0&#8243; _module_preset=&#8221;default&#8221; global_colors_info=&#8221;{}&#8221;][et_pb_text _builder_version=&#8221;4.21.0&#8243; _module_preset=&#8221;default&#8221; global_colors_info=&#8221;{}&#8221;]<\/p>\n<h2>Come diventare partner?<\/h2>\n<p>[\/et_pb_text][et_pb_text _builder_version=&#8221;4.24.1&#8243; _module_preset=&#8221;default&#8221; custom_margin=&#8221;0px||32px||false|false&#8221; custom_padding=&#8221;0px||0px||false|false&#8221; global_colors_info=&#8221;{}&#8221;]<\/p>\n<p>Per diventare un\u2019agenzia affiliata basta effettuare la registrazione gratuita ed immediatamente avrai a disposizione una vetrina tecnologica per tutti i tuoi annunci, gratis!<\/p>\n<p>Scarica il contratto di affiliazione, compilalo e invialo ad amministrazione@immoveo.it per attivare il tuo account!<\/p>\n<p>[\/et_pb_text][et_pb_button button_url=&#8221;https:\/\/immoveo.com\/download\/60324\/?tmstv=1708685113&#8243; button_text=&#8221;Scarica&#8221; _builder_version=&#8221;4.24.1&#8243; _module_preset=&#8221;default&#8221; custom_margin=&#8221;0px||0px|0px|false|false&#8221; custom_padding=&#8221;10px||10px|19px|false|false&#8221; global_colors_info=&#8221;{}&#8221;][\/et_pb_button][\/et_pb_column][\/et_pb_row][et_pb_row column_structure=&#8221;3_5,2_5&#8243; _builder_version=&#8221;4.21.0&#8243; _module_preset=&#8221;default&#8221; custom_margin=&#8221;70px||70px||true|false&#8221; global_colors_info=&#8221;{}&#8221;][et_pb_column type=&#8221;3_5&#8243; _builder_version=&#8221;4.21.0&#8243; _module_preset=&#8221;default&#8221; global_colors_info=&#8221;{}&#8221;][et_pb_image src=&#8221;https:\/\/immoveo.com\/wp-content\/uploads\/2023\/09\/Immoveo_avvocato_firma_buy_to_let.jpg&#8221; title_text=&#8221;Immoveo_avvocato_firma_buy_to_let&#8221; disabled_on=&#8221;off|off|on&#8221; _builder_version=&#8221;4.21.0&#8243; _module_preset=&#8221;default&#8221; border_radii=&#8221;on|10px|10px|10px|10px&#8221; global_colors_info=&#8221;{}&#8221;][\/et_pb_image][et_pb_text _builder_version=&#8221;4.21.0&#8243; _module_preset=&#8221;default&#8221; global_colors_info=&#8221;{}&#8221;]<\/p>\n<h2>Qual \u00e8 il codice etico dei nostri partner?<\/h2>\n<p>[\/et_pb_text][et_pb_text _builder_version=&#8221;4.21.0&#8243; _module_preset=&#8221;default&#8221; global_colors_info=&#8221;{}&#8221;]<\/p>\n<p>Immoveo ti chiede solo di mantenere lo standard qualitativo e di trasparenza che contraddistingue il nostro Gruppo.<\/p>\n<p>[\/et_pb_text][\/et_pb_column][et_pb_column type=&#8221;2_5&#8243; _builder_version=&#8221;4.21.0&#8243; _module_preset=&#8221;default&#8221; global_colors_info=&#8221;{}&#8221;][et_pb_image src=&#8221;https:\/\/immoveo.com\/wp-content\/uploads\/2023\/09\/Immoveo_avvocato_firma_buy_to_let.jpg&#8221; title_text=&#8221;Immoveo_avvocato_firma_buy_to_let&#8221; disabled_on=&#8221;on|on|off&#8221; _builder_version=&#8221;4.21.0&#8243; _module_preset=&#8221;default&#8221; border_radii=&#8221;on|10px|10px|10px|10px&#8221; global_colors_info=&#8221;{}&#8221;][\/et_pb_image][\/et_pb_column][\/et_pb_row][et_pb_row column_structure=&#8221;2_5,3_5&#8243; _builder_version=&#8221;4.21.0&#8243; _module_preset=&#8221;default&#8221; global_colors_info=&#8221;{}&#8221;][et_pb_column type=&#8221;2_5&#8243; _builder_version=&#8221;4.21.0&#8243; _module_preset=&#8221;default&#8221; global_colors_info=&#8221;{}&#8221;][et_pb_image src=&#8221;https:\/\/immoveo.com\/wp-content\/uploads\/2023\/07\/Immoveo_mani_con_chiavi_zoom_homepage.jpg&#8221; title_text=&#8221;Immoveo_mani_con_chiavi_zoom_homepage&#8221; _builder_version=&#8221;4.21.0&#8243; _module_preset=&#8221;default&#8221; border_radii=&#8221;on|10px|10px|10px|10px&#8221; global_colors_info=&#8221;{}&#8221;][\/et_pb_image][\/et_pb_column][et_pb_column type=&#8221;3_5&#8243; _builder_version=&#8221;4.21.0&#8243; _module_preset=&#8221;default&#8221; global_colors_info=&#8221;{}&#8221;][et_pb_text _builder_version=&#8221;4.21.0&#8243; _module_preset=&#8221;default&#8221; global_colors_info=&#8221;{}&#8221;]<\/p>\n<h2> Scopri i vantaggi esclusivi dedicati alla rete di agenzie affiliate Immoveo<\/h2>\n<p>[\/et_pb_text][et_pb_text _builder_version=&#8221;4.21.0&#8243; _module_preset=&#8221;default&#8221; header_6_font=&#8221;|300|on||||||&#8221; header_6_text_color=&#8221;#2A2A2A&#8221; header_6_font_size=&#8221;11px&#8221; global_colors_info=&#8221;{}&#8221;]<\/p>\n<ul>\n<li>Nessun costo di iscrizione o abbonamento<\/li>\n<li>Possibilit\u00e0 di pubblicare gratuitamente tutti i tuoi annunci sulla nostra piattaforma professionale dedicata alle Agenzie Affiliate ed ai prodotti Immoveo<\/li>\n<li>Se un tuo immobile corrisponde al target Immoveo, potrai accedere ad una vendita diretta concludendo la vendita in meno di un mese<\/li>\n<li>Passeremo alle Agenzie Affiliate, sulla base della loro area operativa, i contatti di tutti i potenziali clienti non funzionali al target di ricerca Immoveo<\/li>\n<li>Nessuna commissione sui contatti<\/li>\n<li>Possibilit\u00e0 di ricevere una recensione sulla prestazione che potr\u00e0 premiare la tua puntualit\u00e0 e professionalit\u00e0<\/li>\n<li>Possibilit\u00e0 di includere nel tuo materiale di Marketing il logo esclusivo \u201cImmoveo Agenzia Affiliata\u201d<\/li>\n<li>Possibilit\u00e0 di segnalare immobili od operazioni immobiliari ricevendo una commissione in caso di definizione dell\u2019accordo<\/li>\n<\/ul>\n<h6>* Servizi di prossima attivazione<\/h6>\n<p>[\/et_pb_text][\/et_pb_column][\/et_pb_row][\/et_pb_section][et_pb_section fb_built=&#8221;1&#8243; admin_label=&#8221;Section&#8221; module_id=&#8221;scaricamodulo&#8221; _builder_version=&#8221;4.24.1&#8243; _module_preset=&#8221;default&#8221; background_color=&#8221;#FFEDB5&#8243; custom_margin=&#8221;||||false|false&#8221; custom_padding=&#8221;2%||2%||true|false&#8221; da_popup_slug=&#8221;scaricamodulo&#8221; da_disable_devices=&#8221;off|off|off&#8221; global_colors_info=&#8221;{}&#8221; da_is_popup=&#8221;off&#8221; da_exit_intent=&#8221;off&#8221; da_has_close=&#8221;on&#8221; da_alt_close=&#8221;off&#8221; da_dark_close=&#8221;off&#8221; da_not_modal=&#8221;on&#8221; da_is_singular=&#8221;off&#8221; da_with_loader=&#8221;off&#8221; da_has_shadow=&#8221;on&#8221;][et_pb_row _builder_version=&#8221;4.21.0&#8243; _module_preset=&#8221;default&#8221; global_colors_info=&#8221;{}&#8221;][et_pb_column type=&#8221;4_4&#8243; _builder_version=&#8221;4.21.0&#8243; _module_preset=&#8221;default&#8221; global_colors_info=&#8221;{}&#8221;][et_pb_cta title=&#8221;DIVENTA PARTNER DI IMMOVEO&#8221; button_url=&#8221;https:\/\/immoveo.com\/download\/60324\/?tmstv=1708685113&#8243; button_text=&#8221;Scarica&#8221; _builder_version=&#8221;4.24.1&#8243; _module_preset=&#8221;default&#8221; header_font_size=&#8221;32px&#8221; custom_padding=&#8221;|20%||20%|true|true&#8221; box_shadow_vertical_button_tablet=&#8221;&#8221; box_shadow_vertical_button_phone=&#8221;&#8221; box_shadow_vertical_button_last_edited=&#8221;on|desktop&#8221; global_colors_info=&#8221;{}&#8221; box_shadow_vertical_button__hover_enabled=&#8221;on|desktop&#8221; box_shadow_vertical_button__hover=&#8221;12px&#8221;]<\/p>\n<p>Scarica il contratto di affiliazione, compilalo e invialo ad amministrazione@immoveo.it per attivare il tuo account!<\/p>\n<p>[\/et_pb_cta][\/et_pb_column][\/et_pb_row][\/et_pb_section]<\/p>\n","protected":false},"excerpt":{"rendered":"<p>Agenzie immobiliari affiliateBenvenuto nella rete ImmoveoSei una Agenzia Immobiliare che si contraddistingue per qualit\u00e0 del servizio offerto, dinamicit\u00e0 delle operazioni, predisposizione all\u2019innovazione tecnologica? Entra nella rete Immoveo ed immediatamente scoprirai tutti i vantaggi a te riservati.ENTRA NELLA RETE IMMOVEO!Come diventare partner?Per diventare un\u2019agenzia affiliata basta effettuare la registrazione gratuita ed immediatamente avrai a disposizione una [&hellip;]<\/p>\n","protected":false},"author":3,"featured_media":0,"parent":0,"menu_order":0,"comment_status":"closed","ping_status":"closed","template":"","meta":{"_et_pb_use_builder":"on","_et_pb_old_content":"","_et_gb_content_width":"","footnotes":""},"class_list":["post-58462","page","type-page","status-publish","hentry"],"yoast_head":"<!-- This site is optimized with the Yoast SEO plugin v22.2 - https:\/\/yoast.com\/wordpress\/plugins\/seo\/ -->\n<title>Agenzie immobiliari affiliate - Immoveo<\/title>\n<meta name=\"robots\" content=\"index, follow, max-snippet:-1, max-image-preview:large, max-video-preview:-1\" \/>\n<link rel=\"canonical\" href=\"https:\/\/immoveo.com\/it\/agenzie-immobiliari-affiliate\/\" \/>\n<meta property=\"og:locale\" content=\"it_IT\" \/>\n<meta property=\"og:type\" content=\"article\" \/>\n<meta property=\"og:title\" content=\"Agenzie immobiliari affiliate - Immoveo\" \/>\n<meta property=\"og:description\" content=\"Agenzie immobiliari affiliateBenvenuto nella rete ImmoveoSei una Agenzia Immobiliare che si contraddistingue per qualit\u00e0 del servizio offerto, dinamicit\u00e0 delle operazioni, predisposizione all\u2019innovazione tecnologica? Entra nella rete Immoveo ed immediatamente scoprirai tutti i vantaggi a te riservati.ENTRA NELLA RETE IMMOVEO!Come diventare partner?Per diventare un\u2019agenzia affiliata basta effettuare la registrazione gratuita ed immediatamente avrai a disposizione una [&hellip;]\" \/>\n<meta property=\"og:url\" content=\"https:\/\/immoveo.com\/it\/agenzie-immobiliari-affiliate\/\" \/>\n<meta property=\"og:site_name\" content=\"Immoveo\" \/>\n<meta property=\"article:publisher\" content=\"https:\/\/www.facebook.com\/profile.php?id=100094502448934\" \/>\n<meta property=\"article:modified_time\" content=\"2024-04-04T13:40:32+00:00\" \/>\n<meta property=\"og:image\" content=\"https:\/\/immoveo.com\/wp-content\/uploads\/2024\/02\/Immoveo123.png\" \/>\n\t<meta property=\"og:image:width\" content=\"1920\" \/>\n\t<meta property=\"og:image:height\" content=\"1080\" \/>\n\t<meta property=\"og:image:type\" content=\"image\/png\" \/>\n<meta name=\"twitter:card\" content=\"summary_large_image\" \/>\n<meta name=\"twitter:label1\" content=\"Tempo di lettura stimato\" \/>\n\t<meta name=\"twitter:data1\" content=\"7 minuti\" \/>\n<script type=\"application\/ld+json\" class=\"yoast-schema-graph\">{\"@context\":\"https:\/\/schema.org\",\"@graph\":[{\"@type\":\"WebPage\",\"@id\":\"https:\/\/immoveo.com\/it\/agenzie-immobiliari-affiliate\/\",\"url\":\"https:\/\/immoveo.com\/it\/agenzie-immobiliari-affiliate\/\",\"name\":\"Agenzie immobiliari affiliate - Immoveo\",\"isPartOf\":{\"@id\":\"https:\/\/immoveo.com\/#website\"},\"datePublished\":\"2023-08-02T15:46:24+00:00\",\"dateModified\":\"2024-04-04T13:40:32+00:00\",\"breadcrumb\":{\"@id\":\"https:\/\/immoveo.com\/it\/agenzie-immobiliari-affiliate\/#breadcrumb\"},\"inLanguage\":\"it-IT\",\"potentialAction\":[{\"@type\":\"ReadAction\",\"target\":[\"https:\/\/immoveo.com\/it\/agenzie-immobiliari-affiliate\/\"]}]},{\"@type\":\"BreadcrumbList\",\"@id\":\"https:\/\/immoveo.com\/it\/agenzie-immobiliari-affiliate\/#breadcrumb\",\"itemListElement\":[{\"@type\":\"ListItem\",\"position\":1,\"name\":\"Home\",\"item\":\"https:\/\/immoveo.com\/it\/\"},{\"@type\":\"ListItem\",\"position\":2,\"name\":\"Agenzie immobiliari affiliate\"}]},{\"@type\":\"WebSite\",\"@id\":\"https:\/\/immoveo.com\/#website\",\"url\":\"https:\/\/immoveo.com\/\",\"name\":\"Immoveo\",\"description\":\"Casa? Chiedi a Immoveo\",\"publisher\":{\"@id\":\"https:\/\/immoveo.com\/#organization\"},\"potentialAction\":[{\"@type\":\"SearchAction\",\"target\":{\"@type\":\"EntryPoint\",\"urlTemplate\":\"https:\/\/immoveo.com\/?s={search_term_string}\"},\"query-input\":\"required name=search_term_string\"}],\"inLanguage\":\"it-IT\"},{\"@type\":\"Organization\",\"@id\":\"https:\/\/immoveo.com\/#organization\",\"name\":\"Immoveo\",\"url\":\"https:\/\/immoveo.com\/\",\"logo\":{\"@type\":\"ImageObject\",\"inLanguage\":\"it-IT\",\"@id\":\"https:\/\/immoveo.com\/#\/schema\/logo\/image\/\",\"url\":\"https:\/\/immoveo.com\/wp-content\/uploads\/2023\/05\/Logoimmoveo.png\",\"contentUrl\":\"https:\/\/immoveo.com\/wp-content\/uploads\/2023\/05\/Logoimmoveo.png\",\"width\":1324,\"height\":365,\"caption\":\"Immoveo\"},\"image\":{\"@id\":\"https:\/\/immoveo.com\/#\/schema\/logo\/image\/\"},\"sameAs\":[\"https:\/\/www.facebook.com\/profile.php?id=100094502448934\",\"https:\/\/www.instagram.com\/immoveo\/\",\"https:\/\/www.linkedin.com\/company\/77003539\/\"]}]}<\/script>\n<!-- \/ Yoast SEO plugin. -->","yoast_head_json":{"title":"Agenzie immobiliari affiliate - Immoveo","robots":{"index":"index","follow":"follow","max-snippet":"max-snippet:-1","max-image-preview":"max-image-preview:large","max-video-preview":"max-video-preview:-1"},"canonical":"https:\/\/immoveo.com\/it\/agenzie-immobiliari-affiliate\/","og_locale":"it_IT","og_type":"article","og_title":"Agenzie immobiliari affiliate - Immoveo","og_description":"Agenzie immobiliari affiliateBenvenuto nella rete ImmoveoSei una Agenzia Immobiliare che si contraddistingue per qualit\u00e0 del servizio offerto, dinamicit\u00e0 delle operazioni, predisposizione all\u2019innovazione tecnologica? Entra nella rete Immoveo ed immediatamente scoprirai tutti i vantaggi a te riservati.ENTRA NELLA RETE IMMOVEO!Come diventare partner?Per diventare un\u2019agenzia affiliata basta effettuare la registrazione gratuita ed immediatamente avrai a disposizione una [&hellip;]","og_url":"https:\/\/immoveo.com\/it\/agenzie-immobiliari-affiliate\/","og_site_name":"Immoveo","article_publisher":"https:\/\/www.facebook.com\/profile.php?id=100094502448934","article_modified_time":"2024-04-04T13:40:32+00:00","og_image":[{"width":1920,"height":1080,"url":"https:\/\/immoveo.com\/wp-content\/uploads\/2024\/02\/Immoveo123.png","type":"image\/png"}],"twitter_card":"summary_large_image","twitter_misc":{"Tempo di lettura stimato":"7 minuti"},"schema":{"@context":"https:\/\/schema.org","@graph":[{"@type":"WebPage","@id":"https:\/\/immoveo.com\/it\/agenzie-immobiliari-affiliate\/","url":"https:\/\/immoveo.com\/it\/agenzie-immobiliari-affiliate\/","name":"Agenzie immobiliari affiliate - Immoveo","isPartOf":{"@id":"https:\/\/immoveo.com\/#website"},"datePublished":"2023-08-02T15:46:24+00:00","dateModified":"2024-04-04T13:40:32+00:00","breadcrumb":{"@id":"https:\/\/immoveo.com\/it\/agenzie-immobiliari-affiliate\/#breadcrumb"},"inLanguage":"it-IT","potentialAction":[{"@type":"ReadAction","target":["https:\/\/immoveo.com\/it\/agenzie-immobiliari-affiliate\/"]}]},{"@type":"BreadcrumbList","@id":"https:\/\/immoveo.com\/it\/agenzie-immobiliari-affiliate\/#breadcrumb","itemListElement":[{"@type":"ListItem","position":1,"name":"Home","item":"https:\/\/immoveo.com\/it\/"},{"@type":"ListItem","position":2,"name":"Agenzie immobiliari affiliate"}]},{"@type":"WebSite","@id":"https:\/\/immoveo.com\/#website","url":"https:\/\/immoveo.com\/","name":"Immoveo","description":"Casa? Chiedi a Immoveo","publisher":{"@id":"https:\/\/immoveo.com\/#organization"},"potentialAction":[{"@type":"SearchAction","target":{"@type":"EntryPoint","urlTemplate":"https:\/\/immoveo.com\/?s={search_term_string}"},"query-input":"required name=search_term_string"}],"inLanguage":"it-IT"},{"@type":"Organization","@id":"https:\/\/immoveo.com\/#organization","name":"Immoveo","url":"https:\/\/immoveo.com\/","logo":{"@type":"ImageObject","inLanguage":"it-IT","@id":"https:\/\/immoveo.com\/#\/schema\/logo\/image\/","url":"https:\/\/immoveo.com\/wp-content\/uploads\/2023\/05\/Logoimmoveo.png","contentUrl":"https:\/\/immoveo.com\/wp-content\/uploads\/2023\/05\/Logoimmoveo.png","width":1324,"height":365,"caption":"Immoveo"},"image":{"@id":"https:\/\/immoveo.com\/#\/schema\/logo\/image\/"},"sameAs":["https:\/\/www.facebook.com\/profile.php?id=100094502448934","https:\/\/www.instagram.com\/immoveo\/","https:\/\/www.linkedin.com\/company\/77003539\/"]}]}},"_links":{"self":[{"href":"https:\/\/immoveo.com\/it\/wp-json\/wp\/v2\/pages\/58462","targetHints":{"allow":["GET"]}}],"collection":[{"href":"https:\/\/immoveo.com\/it\/wp-json\/wp\/v2\/pages"}],"about":[{"href":"https:\/\/immoveo.com\/it\/wp-json\/wp\/v2\/types\/page"}],"author":[{"embeddable":true,"href":"https:\/\/immoveo.com\/it\/wp-json\/wp\/v2\/users\/3"}],"replies":[{"embeddable":true,"href":"https:\/\/immoveo.com\/it\/wp-json\/wp\/v2\/comments?post=58462"}],"version-history":[{"count":31,"href":"https:\/\/immoveo.com\/it\/wp-json\/wp\/v2\/pages\/58462\/revisions"}],"predecessor-version":[{"id":60505,"href":"https:\/\/immoveo.com\/it\/wp-json\/wp\/v2\/pages\/58462\/revisions\/60505"}],"wp:attachment":[{"href":"https:\/\/immoveo.com\/it\/wp-json\/wp\/v2\/media?parent=58462"}],"curies":[{"name":"wp","href":"https:\/\/api.w.org\/{rel}","templated":true}]}}