{"id":58340,"date":"2023-07-28T13:01:32","date_gmt":"2023-07-28T13:01:32","guid":{"rendered":"https:\/\/immoveo.com\/?page_id=58340"},"modified":"2024-04-04T13:36:39","modified_gmt":"2024-04-04T13:36:39","slug":"immoveo-eco","status":"publish","type":"page","link":"https:\/\/immoveo.com\/it\/immoveo-eco\/","title":{"rendered":"Immoveo ECO"},"content":{"rendered":"<p>[et_pb_section fb_built=&#8221;1&#8243; _builder_version=&#8221;4.21.0&#8243; _module_preset=&#8221;default&#8221; background_image=&#8221;https:\/\/immoveo.com\/wp-content\/uploads\/2023\/09\/Immoveo_albero_eco.jpg&#8221; global_colors_info=&#8221;{}&#8221; da_is_popup=&#8221;off&#8221; da_exit_intent=&#8221;off&#8221; da_has_close=&#8221;on&#8221; da_alt_close=&#8221;off&#8221; da_dark_close=&#8221;off&#8221; da_not_modal=&#8221;on&#8221; da_is_singular=&#8221;off&#8221; da_with_loader=&#8221;off&#8221; da_has_shadow=&#8221;on&#8221; da_disable_devices=&#8221;off|off|off&#8221;][et_pb_row _builder_version=&#8221;4.21.0&#8243; _module_preset=&#8221;default&#8221; global_colors_info=&#8221;{}&#8221;][et_pb_column type=&#8221;4_4&#8243; _builder_version=&#8221;4.21.0&#8243; _module_preset=&#8221;default&#8221; global_colors_info=&#8221;{}&#8221;][et_pb_text _builder_version=&#8221;4.21.0&#8243; _module_preset=&#8221;default&#8221; header_text_align=&#8221;center&#8221; header_text_color=&#8221;#FFFFFF&#8221; global_colors_info=&#8221;{}&#8221;]<\/p>\n<h1>Immoveo ECO<\/h1>\n<p>[\/et_pb_text][et_pb_text _builder_version=&#8221;4.21.0&#8243; _module_preset=&#8221;default&#8221; header_text_align=&#8221;center&#8221; header_text_color=&#8221;#FFFFFF&#8221; header_3_text_align=&#8221;center&#8221; header_3_text_color=&#8221;#FFFFFF&#8221; global_colors_info=&#8221;{}&#8221;]<\/p>\n<h3>Immoveo punta ad uno sviluppo sostenibile<\/h3>\n<p>[\/et_pb_text][\/et_pb_column][\/et_pb_row][\/et_pb_section][et_pb_section fb_built=&#8221;1&#8243; _builder_version=&#8221;4.21.0&#8243; _module_preset=&#8221;default&#8221; global_colors_info=&#8221;{}&#8221; da_is_popup=&#8221;off&#8221; da_exit_intent=&#8221;off&#8221; da_has_close=&#8221;on&#8221; da_alt_close=&#8221;off&#8221; da_dark_close=&#8221;off&#8221; da_not_modal=&#8221;on&#8221; da_is_singular=&#8221;off&#8221; da_with_loader=&#8221;off&#8221; da_has_shadow=&#8221;on&#8221; da_disable_devices=&#8221;off|off|off&#8221;][et_pb_row column_structure=&#8221;3_5,2_5&#8243; _builder_version=&#8221;4.21.0&#8243; _module_preset=&#8221;default&#8221; global_colors_info=&#8221;{}&#8221;][et_pb_column type=&#8221;3_5&#8243; _builder_version=&#8221;4.21.0&#8243; _module_preset=&#8221;default&#8221; global_colors_info=&#8221;{}&#8221;][et_pb_icon font_icon=&#8221;&#xf299;||fa||400&#8243; icon_color=&#8221;#74C131&#8243; icon_width=&#8221;55px&#8221; align=&#8221;left&#8221; _builder_version=&#8221;4.21.0&#8243; _module_preset=&#8221;default&#8221; custom_margin=&#8221;||3%||false|false&#8221; custom_padding=&#8221;||||false|false&#8221; global_colors_info=&#8221;{}&#8221;][\/et_pb_icon][et_pb_text _builder_version=&#8221;4.21.0&#8243; _module_preset=&#8221;default&#8221; global_colors_info=&#8221;{}&#8221;]<\/p>\n<h2>Le case di Immoveo<br \/>\nsono <span style=\"color: #005BA0;\">Eco-Sostenibili<\/span><\/h2>\n<p>[\/et_pb_text][et_pb_text _builder_version=&#8221;4.21.0&#8243; _module_preset=&#8221;default&#8221; link_font=&#8221;Inter||||||||&#8221; link_text_color=&#8221;#005BA0&#8243; global_colors_info=&#8221;{}&#8221;]<\/p>\n<p>Immoveo si propone come leader tra gli instant buyer di seconda generazione. In cosa differisce la seconda generazione dalla prima? Semplicemente nella attenzione che noi di Immoveo dedichiamo alla sostenibilit\u00e0 dell\u2019intero processo di trasformazione. Questa attenzione parte dalle trasparenti condizioni di acquisto ma trova la sua pi\u00f9 compiuta applicazione nei prodotti del nostro ciclo di trasformazione che chiamiamo \u201cImmoveo second life\u201d.<\/p>\n<p>Le nostre case hanno un\u2019anima verde. \u00c8 per questo che quando vende un eco-immobile Immoveo si tinge di verde!<\/p>\n<p>Nei nostri interventi di ristrutturazione prediligiamo i materiali naturali, l\u2019efficienza energetica e l\u2019utilizzo di tecnologie intelligenti che garantiscano alti livelli di confort abitativo e la riduzione dei consumi energetici.<\/p>\n<p>[\/et_pb_text][\/et_pb_column][et_pb_column type=&#8221;2_5&#8243; _builder_version=&#8221;4.21.0&#8243; _module_preset=&#8221;default&#8221; global_colors_info=&#8221;{}&#8221;][et_pb_image src=&#8221;https:\/\/immoveo.com\/wp-content\/uploads\/2023\/09\/Immoveo_foresta_vista_basso_eco.jpg&#8221; title_text=&#8221;Immoveo_foresta_vista_basso_eco&#8221; align=&#8221;right&#8221; _builder_version=&#8221;4.21.0&#8243; _module_preset=&#8221;default&#8221; width=&#8221;95%&#8221; border_radii=&#8221;on|10px|10px|10px|10px&#8221; global_colors_info=&#8221;{}&#8221;][\/et_pb_image][\/et_pb_column][\/et_pb_row][et_pb_row column_structure=&#8221;2_5,3_5&#8243; _builder_version=&#8221;4.21.0&#8243; _module_preset=&#8221;default&#8221; custom_margin=&#8221;5%||5%||true|false&#8221; global_colors_info=&#8221;{}&#8221;][et_pb_column type=&#8221;2_5&#8243; _builder_version=&#8221;4.21.0&#8243; _module_preset=&#8221;default&#8221; global_colors_info=&#8221;{}&#8221;][et_pb_image src=&#8221;https:\/\/immoveo.com\/wp-content\/uploads\/2023\/09\/Immoveo_texture_tronco_eco.jpg&#8221; title_text=&#8221;Immoveo_texture_tronco_eco&#8221; _builder_version=&#8221;4.21.0&#8243; _module_preset=&#8221;default&#8221; width=&#8221;95%&#8221; border_radii=&#8221;on|10px|10px|10px|10px&#8221; global_colors_info=&#8221;{}&#8221;][\/et_pb_image][\/et_pb_column][et_pb_column type=&#8221;3_5&#8243; _builder_version=&#8221;4.21.0&#8243; _module_preset=&#8221;default&#8221; global_colors_info=&#8221;{}&#8221;][et_pb_image src=&#8221;https:\/\/immoveo.com\/wp-content\/uploads\/2023\/11\/icon_lab.png&#8221; title_text=&#8221;icon_lab&#8221; _builder_version=&#8221;4.21.0&#8243; _module_preset=&#8221;default&#8221; height=&#8221;60px&#8221; global_colors_info=&#8221;{}&#8221;][\/et_pb_image][et_pb_text _builder_version=&#8221;4.21.0&#8243; _module_preset=&#8221;default&#8221; global_colors_info=&#8221;{}&#8221;]<\/p>\n<h2>Le case di Immoveo<br \/>\nsono <span style=\"color: #005ba0;\">Atossiche<\/span><\/h2>\n<p>[\/et_pb_text][et_pb_text _builder_version=&#8221;4.21.0&#8243; _module_preset=&#8221;default&#8221; link_font=&#8221;Inter||||||||&#8221; link_text_color=&#8221;#005BA0&#8243; global_colors_info=&#8221;{}&#8221;]<\/p>\n<p>Per i nostri immobili scegliamo solo sostanze atossiche.<br \/>I nostri <a href=\"https:\/\/immoveo.com\/professionisti-certificati\/\">Professionisti Certificati Immoveo<\/a> verificano attentamente che le nostre <a href=\"https:\/\/immoveo.com\/imprese-qualificate\/\">Imprese Qualificate<\/a> non utilizzino sostanze chimiche pericolose per la salute umana, come la formaldeide o altri composti organici volatili nocivi. Privilegiamo materiali atossici e vernici ecologiche e anti-microbiotiche in grado di distruggere batteri e virus. Il legno che troverete nella vostra casa proviene solo da produttori certificati CE e FSC ed i parquet che installiamo sono del tipo prefinito, esente da plastificanti (PVC free), con finitura naturale e posa a secco.<\/p>\n<p>[\/et_pb_text][\/et_pb_column][\/et_pb_row][et_pb_row column_structure=&#8221;3_5,2_5&#8243; _builder_version=&#8221;4.21.0&#8243; _module_preset=&#8221;default&#8221; global_colors_info=&#8221;{}&#8221;][et_pb_column type=&#8221;3_5&#8243; _builder_version=&#8221;4.21.0&#8243; _module_preset=&#8221;default&#8221; global_colors_info=&#8221;{}&#8221;][et_pb_icon font_icon=&#8221;&#xe007;||divi||400&#8243; icon_color=&#8221;#74C131&#8243; icon_width=&#8221;55px&#8221; align=&#8221;left&#8221; _builder_version=&#8221;4.21.0&#8243; _module_preset=&#8221;default&#8221; custom_margin=&#8221;||3%||false|false&#8221; custom_padding=&#8221;||||false|false&#8221; global_colors_info=&#8221;{}&#8221;][\/et_pb_icon][et_pb_text _builder_version=&#8221;4.21.0&#8243; _module_preset=&#8221;default&#8221; global_colors_info=&#8221;{}&#8221;]<\/p>\n<h2>Le case di Immoveo<br \/>\n<span style=\"color: #005ba0;\">risparmiano energia<\/span><\/h2>\n<p>[\/et_pb_text][et_pb_text _builder_version=&#8221;4.21.0&#8243; _module_preset=&#8221;default&#8221; link_text_color=&#8221;#005BA0&#8243; global_colors_info=&#8221;{}&#8221;]<\/p>\n<p>Il risparmio energetico \u00e8 nel nostro DNA. Il vostro immobile avr\u00e0 nuovi infissi eco-sostenibili, con doppi vetri che soddisfano i requisiti delle case a basso consumo energetico. I vostri nuovi infissi avranno l\u2019apertura a vasistas per una migliore ventilazione della casa.<\/p>\n<p>Per in nostri eco-immobili prediligiamo le energie ricavabili da fonti rinnovabili e per questo preferiamo ovunque \u00e8 possibile utilizzare per il riscaldamento la tecnologia a pompa di calore inverter, che permette sia di riscaldare che di raffrescare l&#8217;abitazione. Solo quando necessario installare una caldaia questa sar\u00e0 del tipo a condensazione per un minor consumo di gas.<\/p>\n<p>I piani cottura ceramici usano l\u2019energia elettrica, rinnovabile, invece del gas. I nostri sanitari sono sempre del tipo anti-spreco, dotati di un\u2019apposita cartuccia inserita nel miscelatore che consente il doppio scatto nell\u2019erogazione, i WC sono dotati di cassette a doppio flusso, a tutto vantaggio del risparmio di una risorsa preziosa come l\u2019acqua.<\/p>\n<p>[\/et_pb_text][\/et_pb_column][et_pb_column type=&#8221;2_5&#8243; _builder_version=&#8221;4.21.0&#8243; _module_preset=&#8221;default&#8221; global_colors_info=&#8221;{}&#8221;][et_pb_image src=&#8221;https:\/\/immoveo.com\/wp-content\/uploads\/2023\/09\/Immoveo_mani_con_luce_energia_eco.jpg&#8221; title_text=&#8221;Immoveo_mani_con_luce_energia_eco&#8221; align=&#8221;right&#8221; _builder_version=&#8221;4.21.0&#8243; _module_preset=&#8221;default&#8221; width=&#8221;95%&#8221; border_radii=&#8221;on|10px|10px|10px|10px&#8221; global_colors_info=&#8221;{}&#8221;][\/et_pb_image][\/et_pb_column][\/et_pb_row][et_pb_row column_structure=&#8221;2_5,3_5&#8243; _builder_version=&#8221;4.21.0&#8243; _module_preset=&#8221;default&#8221; custom_margin=&#8221;5%||5%||true|false&#8221; global_colors_info=&#8221;{}&#8221;][et_pb_column type=&#8221;2_5&#8243; _builder_version=&#8221;4.21.0&#8243; _module_preset=&#8221;default&#8221; global_colors_info=&#8221;{}&#8221;][et_pb_image src=&#8221;https:\/\/immoveo.com\/wp-content\/uploads\/2023\/09\/Immoveo_impronta_carbon_zero_eco.jpg&#8221; title_text=&#8221;Immoveo_impronta_carbon_zero_eco&#8221; _builder_version=&#8221;4.21.0&#8243; _module_preset=&#8221;default&#8221; width=&#8221;95%&#8221; border_radii=&#8221;on|10px|10px|10px|10px&#8221; global_colors_info=&#8221;{}&#8221;][\/et_pb_image][\/et_pb_column][et_pb_column type=&#8221;3_5&#8243; _builder_version=&#8221;4.21.0&#8243; _module_preset=&#8221;default&#8221; global_colors_info=&#8221;{}&#8221;][et_pb_image src=&#8221;https:\/\/immoveo.com\/wp-content\/uploads\/2023\/09\/Immoveo_icon_km_zero_eco.jpg&#8221; title_text=&#8221;Immoveo_icon_km_zero_eco&#8221; _builder_version=&#8221;4.21.0&#8243; _module_preset=&#8221;default&#8221; height=&#8221;60px&#8221; global_colors_info=&#8221;{}&#8221;][\/et_pb_image][et_pb_text _builder_version=&#8221;4.21.0&#8243; _module_preset=&#8221;default&#8221; global_colors_info=&#8221;{}&#8221;]<\/p>\n<h2>Nelle case di Immoveo<br \/>\nsi usano <span style=\"color: #005ba0;\">materiali a \u201cKm Zero\u201d<\/span><\/h2>\n<p>[\/et_pb_text][et_pb_text _builder_version=&#8221;4.21.0&#8243; _module_preset=&#8221;default&#8221; link_text_color=&#8221;#005BA0&#8243; global_colors_info=&#8221;{}&#8221;]<\/p>\n<p>Nel ciclo produttivo e nella scelta dei materiali siamo attenti anche ai consumi per il loro trasporto: nello stesso modo in cui preferiamo che i cibi sulla nostra tavola siano a \u201ckm zero\u201d, cos\u00ec facciamo per i materiali di ristrutturazione. In questo modo limiteremo le emissioni di carbonio legate al loro trasporto e la preparazione della vostra nuova casa avr\u00e0 un minor \u201cCarbon Footprint\u201d riducendo l\u2019impatto sul clima globale.<\/p>\n<p>[\/et_pb_text][\/et_pb_column][\/et_pb_row][et_pb_row column_structure=&#8221;3_5,2_5&#8243; _builder_version=&#8221;4.21.0&#8243; _module_preset=&#8221;default&#8221; global_colors_info=&#8221;{}&#8221;][et_pb_column type=&#8221;3_5&#8243; _builder_version=&#8221;4.21.0&#8243; _module_preset=&#8221;default&#8221; global_colors_info=&#8221;{}&#8221;][et_pb_image src=&#8221;https:\/\/immoveo.com\/wp-content\/uploads\/2023\/09\/Immoveo_icon_treehouse_eco.jpg&#8221; title_text=&#8221;Immoveo_icon_treehouse_eco&#8221; _builder_version=&#8221;4.21.0&#8243; _module_preset=&#8221;default&#8221; height=&#8221;60px&#8221; global_colors_info=&#8221;{}&#8221;][\/et_pb_image][et_pb_text _builder_version=&#8221;4.21.0&#8243; _module_preset=&#8221;default&#8221; global_colors_info=&#8221;{}&#8221;]<\/p>\n<h2>Le case di Immoveo<br \/>\nusano <span style=\"color: #005ba0;\">energia rinnovabile<\/span><\/h2>\n<p>[\/et_pb_text][et_pb_text _builder_version=&#8221;4.21.0&#8243; _module_preset=&#8221;default&#8221; link_text_color=&#8221;#005BA0&#8243; global_colors_info=&#8221;{}&#8221;]<\/p>\n<p>Per le nostre case prediligiamo impianti che utilizzano fonti di energia considerate \u201cpulite\u201d, o che utilizzano fonti di energia non rinnovabili (ad esempio il metano) in modo efficiente. Attualmente l\u2019energia elettrica \u00e8 l\u2019unica vera fonte di energia pulita e rinnovabile. Pulita perch\u00e9 gli impianti che funzionano ad elettricit\u00e0 non rilasciano fumi in atmosfera, e rinnovabile perch\u00e9 pu\u00f2 essere prodotta senza usare fonti non-rinnovabili (petrolio, gas, carbone, ecc.).<\/p>\n<p>Le case di Immoveo sono dotate di illuminazione led a basso consumo, controllabile tramite la domotica. Questo vi consentir\u00e0 di avere il controllo, anche remoto, dei vostri dispositivi e limitare ulteriormente i consumi, il \u201cCarbon Footprint\u201d e l\u2019impatto sull\u2019ambiente dei nostri immobili.<\/p>\n<p>[\/et_pb_text][\/et_pb_column][et_pb_column type=&#8221;2_5&#8243; _builder_version=&#8221;4.21.0&#8243; _module_preset=&#8221;default&#8221; global_colors_info=&#8221;{}&#8221;][et_pb_image src=&#8221;https:\/\/immoveo.com\/wp-content\/uploads\/2023\/09\/Immoveo_pannelli_solari_eco.jpg&#8221; title_text=&#8221;Immoveo_pannelli_solari_eco&#8221; align=&#8221;right&#8221; _builder_version=&#8221;4.21.0&#8243; _module_preset=&#8221;default&#8221; width=&#8221;95%&#8221; border_radii=&#8221;on|10px|10px|10px|10px&#8221; global_colors_info=&#8221;{}&#8221;][\/et_pb_image][\/et_pb_column][\/et_pb_row][\/et_pb_section]<\/p>\n","protected":false},"excerpt":{"rendered":"<p>Immoveo ECOImmoveo punta ad uno sviluppo sostenibileLe case di Immoveo sono Eco-SostenibiliImmoveo si propone come leader tra gli instant buyer di seconda generazione. In cosa differisce la seconda generazione dalla prima? Semplicemente nella attenzione che noi di Immoveo dedichiamo alla sostenibilit\u00e0 dell\u2019intero processo di trasformazione. Questa attenzione parte dalle trasparenti condizioni di acquisto ma trova [&hellip;]<\/p>\n","protected":false},"author":3,"featured_media":0,"parent":0,"menu_order":0,"comment_status":"closed","ping_status":"closed","template":"","meta":{"_et_pb_use_builder":"on","_et_pb_old_content":"","_et_gb_content_width":"","footnotes":""},"class_list":["post-58340","page","type-page","status-publish","hentry"],"yoast_head":"<!-- This site is optimized with the Yoast SEO plugin v22.2 - https:\/\/yoast.com\/wordpress\/plugins\/seo\/ -->\n<title>Immoveo ECO - Immoveo<\/title>\n<meta name=\"robots\" content=\"index, follow, max-snippet:-1, max-image-preview:large, max-video-preview:-1\" \/>\n<link rel=\"canonical\" href=\"https:\/\/immoveo.com\/it\/immoveo-eco\/\" \/>\n<meta property=\"og:locale\" content=\"it_IT\" \/>\n<meta property=\"og:type\" content=\"article\" \/>\n<meta property=\"og:title\" content=\"Immoveo ECO - Immoveo\" \/>\n<meta property=\"og:description\" content=\"Immoveo ECOImmoveo punta ad uno sviluppo sostenibileLe case di Immoveo sono Eco-SostenibiliImmoveo si propone come leader tra gli instant buyer di seconda generazione. In cosa differisce la seconda generazione dalla prima? Semplicemente nella attenzione che noi di Immoveo dedichiamo alla sostenibilit\u00e0 dell\u2019intero processo di trasformazione. Questa attenzione parte dalle trasparenti condizioni di acquisto ma trova [&hellip;]\" \/>\n<meta property=\"og:url\" content=\"https:\/\/immoveo.com\/it\/immoveo-eco\/\" \/>\n<meta property=\"og:site_name\" content=\"Immoveo\" \/>\n<meta property=\"article:publisher\" content=\"https:\/\/www.facebook.com\/profile.php?id=100094502448934\" \/>\n<meta property=\"article:modified_time\" content=\"2024-04-04T13:36:39+00:00\" \/>\n<meta property=\"og:image\" content=\"https:\/\/immoveo.com\/wp-content\/uploads\/2024\/02\/Immoveo123.png\" \/>\n\t<meta property=\"og:image:width\" content=\"1920\" \/>\n\t<meta property=\"og:image:height\" content=\"1080\" \/>\n\t<meta property=\"og:image:type\" content=\"image\/png\" \/>\n<meta name=\"twitter:card\" content=\"summary_large_image\" \/>\n<meta name=\"twitter:label1\" content=\"Tempo di lettura stimato\" \/>\n\t<meta name=\"twitter:data1\" content=\"8 minuti\" \/>\n<script type=\"application\/ld+json\" class=\"yoast-schema-graph\">{\"@context\":\"https:\/\/schema.org\",\"@graph\":[{\"@type\":\"WebPage\",\"@id\":\"https:\/\/immoveo.com\/it\/immoveo-eco\/\",\"url\":\"https:\/\/immoveo.com\/it\/immoveo-eco\/\",\"name\":\"Immoveo ECO - Immoveo\",\"isPartOf\":{\"@id\":\"https:\/\/immoveo.com\/#website\"},\"datePublished\":\"2023-07-28T13:01:32+00:00\",\"dateModified\":\"2024-04-04T13:36:39+00:00\",\"breadcrumb\":{\"@id\":\"https:\/\/immoveo.com\/it\/immoveo-eco\/#breadcrumb\"},\"inLanguage\":\"it-IT\",\"potentialAction\":[{\"@type\":\"ReadAction\",\"target\":[\"https:\/\/immoveo.com\/it\/immoveo-eco\/\"]}]},{\"@type\":\"BreadcrumbList\",\"@id\":\"https:\/\/immoveo.com\/it\/immoveo-eco\/#breadcrumb\",\"itemListElement\":[{\"@type\":\"ListItem\",\"position\":1,\"name\":\"Home\",\"item\":\"https:\/\/immoveo.com\/it\/\"},{\"@type\":\"ListItem\",\"position\":2,\"name\":\"Immoveo ECO\"}]},{\"@type\":\"WebSite\",\"@id\":\"https:\/\/immoveo.com\/#website\",\"url\":\"https:\/\/immoveo.com\/\",\"name\":\"Immoveo\",\"description\":\"Casa? Chiedi a Immoveo\",\"publisher\":{\"@id\":\"https:\/\/immoveo.com\/#organization\"},\"potentialAction\":[{\"@type\":\"SearchAction\",\"target\":{\"@type\":\"EntryPoint\",\"urlTemplate\":\"https:\/\/immoveo.com\/?s={search_term_string}\"},\"query-input\":\"required name=search_term_string\"}],\"inLanguage\":\"it-IT\"},{\"@type\":\"Organization\",\"@id\":\"https:\/\/immoveo.com\/#organization\",\"name\":\"Immoveo\",\"url\":\"https:\/\/immoveo.com\/\",\"logo\":{\"@type\":\"ImageObject\",\"inLanguage\":\"it-IT\",\"@id\":\"https:\/\/immoveo.com\/#\/schema\/logo\/image\/\",\"url\":\"https:\/\/immoveo.com\/wp-content\/uploads\/2023\/05\/Logoimmoveo.png\",\"contentUrl\":\"https:\/\/immoveo.com\/wp-content\/uploads\/2023\/05\/Logoimmoveo.png\",\"width\":1324,\"height\":365,\"caption\":\"Immoveo\"},\"image\":{\"@id\":\"https:\/\/immoveo.com\/#\/schema\/logo\/image\/\"},\"sameAs\":[\"https:\/\/www.facebook.com\/profile.php?id=100094502448934\",\"https:\/\/www.instagram.com\/immoveo\/\",\"https:\/\/www.linkedin.com\/company\/77003539\/\"]}]}<\/script>\n<!-- \/ Yoast SEO plugin. -->","yoast_head_json":{"title":"Immoveo ECO - Immoveo","robots":{"index":"index","follow":"follow","max-snippet":"max-snippet:-1","max-image-preview":"max-image-preview:large","max-video-preview":"max-video-preview:-1"},"canonical":"https:\/\/immoveo.com\/it\/immoveo-eco\/","og_locale":"it_IT","og_type":"article","og_title":"Immoveo ECO - Immoveo","og_description":"Immoveo ECOImmoveo punta ad uno sviluppo sostenibileLe case di Immoveo sono Eco-SostenibiliImmoveo si propone come leader tra gli instant buyer di seconda generazione. In cosa differisce la seconda generazione dalla prima? Semplicemente nella attenzione che noi di Immoveo dedichiamo alla sostenibilit\u00e0 dell\u2019intero processo di trasformazione. Questa attenzione parte dalle trasparenti condizioni di acquisto ma trova [&hellip;]","og_url":"https:\/\/immoveo.com\/it\/immoveo-eco\/","og_site_name":"Immoveo","article_publisher":"https:\/\/www.facebook.com\/profile.php?id=100094502448934","article_modified_time":"2024-04-04T13:36:39+00:00","og_image":[{"width":1920,"height":1080,"url":"https:\/\/immoveo.com\/wp-content\/uploads\/2024\/02\/Immoveo123.png","type":"image\/png"}],"twitter_card":"summary_large_image","twitter_misc":{"Tempo di lettura stimato":"8 minuti"},"schema":{"@context":"https:\/\/schema.org","@graph":[{"@type":"WebPage","@id":"https:\/\/immoveo.com\/it\/immoveo-eco\/","url":"https:\/\/immoveo.com\/it\/immoveo-eco\/","name":"Immoveo ECO - Immoveo","isPartOf":{"@id":"https:\/\/immoveo.com\/#website"},"datePublished":"2023-07-28T13:01:32+00:00","dateModified":"2024-04-04T13:36:39+00:00","breadcrumb":{"@id":"https:\/\/immoveo.com\/it\/immoveo-eco\/#breadcrumb"},"inLanguage":"it-IT","potentialAction":[{"@type":"ReadAction","target":["https:\/\/immoveo.com\/it\/immoveo-eco\/"]}]},{"@type":"BreadcrumbList","@id":"https:\/\/immoveo.com\/it\/immoveo-eco\/#breadcrumb","itemListElement":[{"@type":"ListItem","position":1,"name":"Home","item":"https:\/\/immoveo.com\/it\/"},{"@type":"ListItem","position":2,"name":"Immoveo ECO"}]},{"@type":"WebSite","@id":"https:\/\/immoveo.com\/#website","url":"https:\/\/immoveo.com\/","name":"Immoveo","description":"Casa? Chiedi a Immoveo","publisher":{"@id":"https:\/\/immoveo.com\/#organization"},"potentialAction":[{"@type":"SearchAction","target":{"@type":"EntryPoint","urlTemplate":"https:\/\/immoveo.com\/?s={search_term_string}"},"query-input":"required name=search_term_string"}],"inLanguage":"it-IT"},{"@type":"Organization","@id":"https:\/\/immoveo.com\/#organization","name":"Immoveo","url":"https:\/\/immoveo.com\/","logo":{"@type":"ImageObject","inLanguage":"it-IT","@id":"https:\/\/immoveo.com\/#\/schema\/logo\/image\/","url":"https:\/\/immoveo.com\/wp-content\/uploads\/2023\/05\/Logoimmoveo.png","contentUrl":"https:\/\/immoveo.com\/wp-content\/uploads\/2023\/05\/Logoimmoveo.png","width":1324,"height":365,"caption":"Immoveo"},"image":{"@id":"https:\/\/immoveo.com\/#\/schema\/logo\/image\/"},"sameAs":["https:\/\/www.facebook.com\/profile.php?id=100094502448934","https:\/\/www.instagram.com\/immoveo\/","https:\/\/www.linkedin.com\/company\/77003539\/"]}]}},"_links":{"self":[{"href":"https:\/\/immoveo.com\/it\/wp-json\/wp\/v2\/pages\/58340","targetHints":{"allow":["GET"]}}],"collection":[{"href":"https:\/\/immoveo.com\/it\/wp-json\/wp\/v2\/pages"}],"about":[{"href":"https:\/\/immoveo.com\/it\/wp-json\/wp\/v2\/types\/page"}],"author":[{"embeddable":true,"href":"https:\/\/immoveo.com\/it\/wp-json\/wp\/v2\/users\/3"}],"replies":[{"embeddable":true,"href":"https:\/\/immoveo.com\/it\/wp-json\/wp\/v2\/comments?post=58340"}],"version-history":[{"count":13,"href":"https:\/\/immoveo.com\/it\/wp-json\/wp\/v2\/pages\/58340\/revisions"}],"predecessor-version":[{"id":60494,"href":"https:\/\/immoveo.com\/it\/wp-json\/wp\/v2\/pages\/58340\/revisions\/60494"}],"wp:attachment":[{"href":"https:\/\/immoveo.com\/it\/wp-json\/wp\/v2\/media?parent=58340"}],"curies":[{"name":"wp","href":"https:\/\/api.w.org\/{rel}","templated":true}]}}